{"id":247,"date":"2024-08-15T16:27:59","date_gmt":"2024-08-15T14:27:59","guid":{"rendered":"https:\/\/vinnysklepkrysa.cz\/?page_id=247"},"modified":"2026-04-27T18:59:00","modified_gmt":"2026-04-27T16:59:00","slug":"ubytovani","status":"publish","type":"page","link":"https:\/\/vinnysklepkrysa.cz\/index.php\/ubytovani\/","title":{"rendered":"Ubytovan\u00ed"},"content":{"rendered":"<style>\/*! elementor - v3.23.0 - 23-07-2024 *\/\n.elementor-heading-title{padding:0;margin:0;line-height:1}.elementor-widget-heading .elementor-heading-title[class*=elementor-size-]>a{color:inherit;font-size:inherit;line-height:inherit}.elementor-widget-heading .elementor-heading-title.elementor-size-small{font-size:15px}.elementor-widget-heading .elementor-heading-title.elementor-size-medium{font-size:19px}.elementor-widget-heading .elementor-heading-title.elementor-size-large{font-size:29px}.elementor-widget-heading .elementor-heading-title.elementor-size-xl{font-size:39px}.elementor-widget-heading .elementor-heading-title.elementor-size-xxl{font-size:59px}<\/style>\n<h2>Ubytovan\u00ed<\/h2>\n<h2>Mal\u00fd \u00fatuln\u00fd penzion<\/h2>\n<style>\/*! elementor - v3.23.0 - 23-07-2024 *\/\n.elementor-widget-divider{--divider-border-style:none;--divider-border-width:1px;--divider-color:#0c0d0e;--divider-icon-size:20px;--divider-element-spacing:10px;--divider-pattern-height:24px;--divider-pattern-size:20px;--divider-pattern-url:none;--divider-pattern-repeat:repeat-x}.elementor-widget-divider .elementor-divider{display:flex}.elementor-widget-divider .elementor-divider__text{font-size:15px;line-height:1;max-width:95%}.elementor-widget-divider .elementor-divider__element{margin:0 var(--divider-element-spacing);flex-shrink:0}.elementor-widget-divider .elementor-icon{font-size:var(--divider-icon-size)}.elementor-widget-divider .elementor-divider-separator{display:flex;margin:0;direction:ltr}.elementor-widget-divider--view-line_icon .elementor-divider-separator,.elementor-widget-divider--view-line_text .elementor-divider-separator{align-items:center}.elementor-widget-divider--view-line_icon .elementor-divider-separator:after,.elementor-widget-divider--view-line_icon .elementor-divider-separator:before,.elementor-widget-divider--view-line_text .elementor-divider-separator:after,.elementor-widget-divider--view-line_text .elementor-divider-separator:before{display:block;content:\"\";border-block-end:0;flex-grow:1;border-block-start:var(--divider-border-width) var(--divider-border-style) var(--divider-color)}.elementor-widget-divider--element-align-left .elementor-divider .elementor-divider-separator>.elementor-divider__svg:first-of-type{flex-grow:0;flex-shrink:100}.elementor-widget-divider--element-align-left .elementor-divider-separator:before{content:none}.elementor-widget-divider--element-align-left .elementor-divider__element{margin-left:0}.elementor-widget-divider--element-align-right .elementor-divider .elementor-divider-separator>.elementor-divider__svg:last-of-type{flex-grow:0;flex-shrink:100}.elementor-widget-divider--element-align-right .elementor-divider-separator:after{content:none}.elementor-widget-divider--element-align-right .elementor-divider__element{margin-right:0}.elementor-widget-divider--element-align-start .elementor-divider .elementor-divider-separator>.elementor-divider__svg:first-of-type{flex-grow:0;flex-shrink:100}.elementor-widget-divider--element-align-start .elementor-divider-separator:before{content:none}.elementor-widget-divider--element-align-start .elementor-divider__element{margin-inline-start:0}.elementor-widget-divider--element-align-end .elementor-divider .elementor-divider-separator>.elementor-divider__svg:last-of-type{flex-grow:0;flex-shrink:100}.elementor-widget-divider--element-align-end .elementor-divider-separator:after{content:none}.elementor-widget-divider--element-align-end .elementor-divider__element{margin-inline-end:0}.elementor-widget-divider:not(.elementor-widget-divider--view-line_text):not(.elementor-widget-divider--view-line_icon) .elementor-divider-separator{border-block-start:var(--divider-border-width) var(--divider-border-style) var(--divider-color)}.elementor-widget-divider--separator-type-pattern{--divider-border-style:none}.elementor-widget-divider--separator-type-pattern.elementor-widget-divider--view-line .elementor-divider-separator,.elementor-widget-divider--separator-type-pattern:not(.elementor-widget-divider--view-line) .elementor-divider-separator:after,.elementor-widget-divider--separator-type-pattern:not(.elementor-widget-divider--view-line) .elementor-divider-separator:before,.elementor-widget-divider--separator-type-pattern:not([class*=elementor-widget-divider--view]) .elementor-divider-separator{width:100%;min-height:var(--divider-pattern-height);-webkit-mask-size:var(--divider-pattern-size) 100%;mask-size:var(--divider-pattern-size) 100%;-webkit-mask-repeat:var(--divider-pattern-repeat);mask-repeat:var(--divider-pattern-repeat);background-color:var(--divider-color);-webkit-mask-image:var(--divider-pattern-url);mask-image:var(--divider-pattern-url)}.elementor-widget-divider--no-spacing{--divider-pattern-size:auto}.elementor-widget-divider--bg-round{--divider-pattern-repeat:round}.rtl .elementor-widget-divider .elementor-divider__text{direction:rtl}.e-con-inner>.elementor-widget-divider,.e-con>.elementor-widget-divider{width:var(--container-widget-width,100%);--flex-grow:var(--container-widget-flex-grow)}<\/style>\n<h2>Vybaven\u00ed pokoju<\/h2>\n<link rel=\"stylesheet\" href=\"https:\/\/vinnysklepkrysa.cz\/wp-content\/plugins\/elementor\/assets\/css\/widget-icon-box.min.css\">\n<h3>\n\t\t\t\t\t\t\tNeku\u0159\u00e1ck\u00e9 pokoje<br \/>\n\t\t\t\t\t<\/h3>\n<h3>\n\t\t\t\t\t\t\tSoukrom\u00e9 parkovi\u0161t\u011b<br \/>\n\t\t\t\t\t<\/h3>\n<h3>\n\t\t\t\t\t\t\tVelmi dobr\u00e1 sn\u00eddan\u011b<br \/>\n\t\t\t\t\t<\/h3>\n<h3>\n\t\t\t\t\t\t\tBezplatn\u00e9 Wi-Fi<br \/>\n\t\t\t\t\t<\/h3>\n<h3>\n\t\t\t\t\t\t\tPokoje\/za\u0159\u00edzen\u00ed pro osoby s t\u011blesn\u00fdm posti\u017een\u00edm<br \/>\n\t\t\t\t\t<\/h3>\n<p>Pokoj nab\u00edz\u00ed pohodlnou postel, kter\u00e1 v\u00e1m zaru\u010d\u00ed kvalitn\u00ed odpo\u010dinek po dni pln\u00e9m z\u00e1\u017eitk\u016f. N\u00e1bytek je lad\u011bn\u00fd do p\u0159\u00edrodn\u00edch t\u00f3n\u016f, kter\u00e9 p\u0159isp\u00edvaj\u00ed k relaxa\u010dn\u00ed atmosf\u00e9\u0159e. Pro va\u0161i z\u00e1bavu je k dispozici bezplatn\u00e9 Wi-Fi p\u0159ipojen\u00ed.<\/p>\n<p>N\u00e1\u0161 penzi\u00f3n se nach\u00e1z\u00ed v klidn\u00e9 \u010d\u00e1sti m\u011bsta, kde se m\u016f\u017eete oddat odpo\u010dinku, p\u0159esto v\u0161ak s v\u00fdbornou dostupnost\u00ed do centra.<\/p>\n<p>P\u0159ij\u010fte si odpo\u010dinout do na\u0161eho mal\u00e9ho r\u00e1je, kde se postar\u00e1me o to, abyste se c\u00edtili jako doma.<\/p>\n<p><a href=\"https:\/\/docs.google.com\/document\/d\/1FRPOOPFcJ5iBFB7qdG_ktwpU64cZXxE9dUgiRQfEdV8\/edit?tab=t.0\">cen\u00edk ubytov\u00e1n\u00ed<\/a><\/p>\n<style>\/*! elementor-pro - v3.9.2 - 21-12-2022 *\/\n.elementor-gallery__container{min-height:1px}.elementor-gallery-item{position:relative;overflow:hidden;display:block;text-decoration:none;border:solid var(--image-border-width) var(--image-border-color);border-radius:var(--image-border-radius)}.elementor-gallery-item__content,.elementor-gallery-item__overlay{height:100%;width:100%;position:absolute;top:0;left:0}.elementor-gallery-item__overlay{mix-blend-mode:var(--overlay-mix-blend-mode);transition-duration:var(--overlay-transition-duration);transition-property:mix-blend-mode,transform,opacity,background-color}.elementor-gallery-item__image.e-gallery-image{transition-duration:var(--image-transition-duration);transition-property:filter,transform}.elementor-gallery-item__content{display:flex;flex-direction:column;justify-content:var(--content-justify-content,center);align-items:center;text-align:var(--content-text-align);padding:var(--content-padding)}.elementor-gallery-item__content>div{transition-duration:var(--content-transition-duration)}.elementor-gallery-item__content.elementor-gallery--sequenced-animation>div:nth-child(2){transition-delay:calc(var(--content-transition-delay) \/ 3)}.elementor-gallery-item__content.elementor-gallery--sequenced-animation>div:nth-child(3){transition-delay:calc(var(--content-transition-delay) \/ 3 * 2)}.elementor-gallery-item__content.elementor-gallery--sequenced-animation>div:nth-child(4){transition-delay:calc(var(--content-transition-delay) \/ 3 * 3)}.elementor-gallery-item__description{color:var(--description-text-color,#fff);width:100%}.elementor-gallery-item__title{color:var(--title-text-color,#fff);font-weight:700;width:100%}.elementor-gallery__titles-container{display:flex;flex-wrap:wrap;justify-content:var(--titles-container-justify-content,center);margin-bottom:20px}.elementor-gallery__titles-container:not(.e--pointer-framed) .elementor-item:after,.elementor-gallery__titles-container:not(.e--pointer-framed) .elementor-item:before{background-color:var(--galleries-pointer-bg-color-hover)}.elementor-gallery__titles-container:not(.e--pointer-framed) .elementor-item.elementor-item-active:after,.elementor-gallery__titles-container:not(.e--pointer-framed) .elementor-item.elementor-item-active:before{background-color:var(--galleries-pointer-bg-color-active)}.elementor-gallery__titles-container.e--pointer-framed .elementor-item:before{border-color:var(--galleries-pointer-bg-color-hover);border-width:var(--galleries-pointer-border-width)}.elementor-gallery__titles-container.e--pointer-framed .elementor-item:after{border-color:var(--galleries-pointer-bg-color-hover)}.elementor-gallery__titles-container.e--pointer-framed .elementor-item.elementor-item-active:after,.elementor-gallery__titles-container.e--pointer-framed .elementor-item.elementor-item-active:before{border-color:var(--galleries-pointer-bg-color-active)}.elementor-gallery__titles-container.e--pointer-framed.e--animation-draw .elementor-item:before{border-left-width:var(--galleries-pointer-border-width);border-bottom-width:var(--galleries-pointer-border-width);border-right-width:0;border-top-width:0}.elementor-gallery__titles-container.e--pointer-framed.e--animation-draw .elementor-item:after{border-left-width:0;border-bottom-width:0;border-right-width:var(--galleries-pointer-border-width);border-top-width:var(--galleries-pointer-border-width)}.elementor-gallery__titles-container.e--pointer-framed.e--animation-corners .elementor-item:before{border-left-width:var(--galleries-pointer-border-width);border-bottom-width:0;border-right-width:0;border-top-width:var(--galleries-pointer-border-width)}.elementor-gallery__titles-container.e--pointer-framed.e--animation-corners .elementor-item:after{border-left-width:0;border-bottom-width:var(--galleries-pointer-border-width);border-right-width:var(--galleries-pointer-border-width);border-top-width:0}.elementor-gallery__titles-container .e--pointer-double-line .elementor-item:after,.elementor-gallery__titles-container .e--pointer-double-line .elementor-item:before,.elementor-gallery__titles-container .e--pointer-overline .elementor-item:before,.elementor-gallery__titles-container .e--pointer-underline .elementor-item:after{height:var(--galleries-pointer-border-width)}.elementor-gallery-title{--space-between:10px;cursor:pointer;color:#6d7882;font-weight:500;position:relative;padding:7px 14px;transition:all .3s}.elementor-gallery-title--active{color:#495157}.elementor-gallery-title:not(:last-child){margin-right:var(--space-between)}.elementor-gallery-item__title+.elementor-gallery-item__description{margin-top:var(--description-margin-top)}.e-gallery-item.elementor-gallery-item{transition-property:all}.e-gallery-item.elementor-animated-content .elementor-animated-item--enter-from-bottom,.e-gallery-item.elementor-animated-content .elementor-animated-item--enter-from-left,.e-gallery-item.elementor-animated-content .elementor-animated-item--enter-from-right,.e-gallery-item.elementor-animated-content .elementor-animated-item--enter-from-top,.e-gallery-item:hover .elementor-gallery__item-overlay-bg,.e-gallery-item:hover .elementor-gallery__item-overlay-content,.e-gallery-item:hover .elementor-gallery__item-overlay-content__description,.e-gallery-item:hover .elementor-gallery__item-overlay-content__title{opacity:1}a.elementor-item.elementor-gallery-title{color:var(--galleries-title-color-normal)}a.elementor-item.elementor-gallery-title.elementor-item-active,a.elementor-item.elementor-gallery-title.highlighted,a.elementor-item.elementor-gallery-title:focus,a.elementor-item.elementor-gallery-title:hover{color:var(--galleries-title-color-hover)}a.elementor-item.elementor-gallery-title.elementor-item-active{color:var(--gallery-title-color-active)}.e-con-inner>.elementor-widget-gallery,.e-con>.elementor-widget-gallery{width:var(--container-widget-width);--flex-grow:var(--container-widget-flex-grow)}<\/style>\n<p>\t\t\t\t\t\t\t<a href=\"https:\/\/vinnysklepkrysa.cz\/wp-content\/uploads\/2025\/01\/DSC07604-HDR-1-scaled.jpg\" data-elementor-open-lightbox=\"yes\" data-elementor-lightbox-slideshow=\"all-1da286d\" data-elementor-lightbox-title=\"DSC07604-HDR\" data-e-action-hash=\"#elementor-action%3Aaction%3Dlightbox%26settings%3DeyJpZCI6NTEyLCJ1cmwiOiJodHRwczpcL1wvdmlubnlza2xlcGtyeXNhLmN6XC93cC1jb250ZW50XC91cGxvYWRzXC8yMDI1XC8wMVwvRFNDMDc2MDQtSERSLTEtc2NhbGVkLmpwZyIsInNsaWRlc2hvdyI6ImFsbC0xZGEyODZkIn0%3D\"><br \/>\n\t\t\t\t\t\t\t\t\t\t\t\t\t\t<\/a><br \/>\n\t\t\t\t\t\t\t<a href=\"https:\/\/vinnysklepkrysa.cz\/wp-content\/uploads\/2025\/01\/DSC07619-HDR1-scaled.jpg\" data-elementor-open-lightbox=\"yes\" data-elementor-lightbox-slideshow=\"all-1da286d\" data-elementor-lightbox-title=\"DSC07619-HDR(1)\" data-e-action-hash=\"#elementor-action%3Aaction%3Dlightbox%26settings%3DeyJpZCI6NTEzLCJ1cmwiOiJodHRwczpcL1wvdmlubnlza2xlcGtyeXNhLmN6XC93cC1jb250ZW50XC91cGxvYWRzXC8yMDI1XC8wMVwvRFNDMDc2MTktSERSMS1zY2FsZWQuanBnIiwic2xpZGVzaG93IjoiYWxsLTFkYTI4NmQifQ%3D%3D\"><br \/>\n\t\t\t\t\t\t\t\t\t\t\t\t\t\t<\/a><br \/>\n\t\t\t\t\t\t\t<a href=\"https:\/\/vinnysklepkrysa.cz\/wp-content\/uploads\/2025\/01\/DSC07620-scaled.jpg\" data-elementor-open-lightbox=\"yes\" data-elementor-lightbox-slideshow=\"all-1da286d\" data-elementor-lightbox-title=\"DSC07620\" data-e-action-hash=\"#elementor-action%3Aaction%3Dlightbox%26settings%3DeyJpZCI6NTE1LCJ1cmwiOiJodHRwczpcL1wvdmlubnlza2xlcGtyeXNhLmN6XC93cC1jb250ZW50XC91cGxvYWRzXC8yMDI1XC8wMVwvRFNDMDc2MjAtc2NhbGVkLmpwZyIsInNsaWRlc2hvdyI6ImFsbC0xZGEyODZkIn0%3D\"><br \/>\n\t\t\t\t\t\t\t\t\t\t\t\t\t\t<\/a><br \/>\n\t\t\t\t\t\t\t<a href=\"https:\/\/vinnysklepkrysa.cz\/wp-content\/uploads\/2025\/01\/DSC07635-scaled.jpg\" data-elementor-open-lightbox=\"yes\" data-elementor-lightbox-slideshow=\"all-1da286d\" data-elementor-lightbox-title=\"DSC07635\" data-e-action-hash=\"#elementor-action%3Aaction%3Dlightbox%26settings%3DeyJpZCI6NTE2LCJ1cmwiOiJodHRwczpcL1wvdmlubnlza2xlcGtyeXNhLmN6XC93cC1jb250ZW50XC91cGxvYWRzXC8yMDI1XC8wMVwvRFNDMDc2MzUtc2NhbGVkLmpwZyIsInNsaWRlc2hvdyI6ImFsbC0xZGEyODZkIn0%3D\"><br \/>\n\t\t\t\t\t\t\t\t\t\t\t\t\t\t<\/a><br \/>\n\t\t\t\t\t\t\t<a href=\"https:\/\/vinnysklepkrysa.cz\/wp-content\/uploads\/2025\/01\/DSC07638-scaled.jpg\" data-elementor-open-lightbox=\"yes\" data-elementor-lightbox-slideshow=\"all-1da286d\" data-elementor-lightbox-title=\"DSC07638\" data-e-action-hash=\"#elementor-action%3Aaction%3Dlightbox%26settings%3DeyJpZCI6NTE4LCJ1cmwiOiJodHRwczpcL1wvdmlubnlza2xlcGtyeXNhLmN6XC93cC1jb250ZW50XC91cGxvYWRzXC8yMDI1XC8wMVwvRFNDMDc2Mzgtc2NhbGVkLmpwZyIsInNsaWRlc2hvdyI6ImFsbC0xZGEyODZkIn0%3D\"><br \/>\n\t\t\t\t\t\t\t\t\t\t\t\t\t\t<\/a><br \/>\n\t\t\t\t\t\t\t<a href=\"https:\/\/vinnysklepkrysa.cz\/wp-content\/uploads\/2025\/01\/DSC07639-scaled.jpg\" data-elementor-open-lightbox=\"yes\" data-elementor-lightbox-slideshow=\"all-1da286d\" data-elementor-lightbox-title=\"DSC07639\" data-e-action-hash=\"#elementor-action%3Aaction%3Dlightbox%26settings%3DeyJpZCI6NTE5LCJ1cmwiOiJodHRwczpcL1wvdmlubnlza2xlcGtyeXNhLmN6XC93cC1jb250ZW50XC91cGxvYWRzXC8yMDI1XC8wMVwvRFNDMDc2Mzktc2NhbGVkLmpwZyIsInNsaWRlc2hvdyI6ImFsbC0xZGEyODZkIn0%3D\"><br \/>\n\t\t\t\t\t\t\t\t\t\t\t\t\t\t<\/a><\/p>\n<h2>Rezervace<\/h2>\n<h2>Kontaktujte n\u00e1s<\/h2>\n<p>V p\u0159\u00edpad\u011b z\u00e1jmu o ubytov\u00e1n\u00ed n\u00e1s pros\u00edm kontaktujte<\/p>\n<h3>\n\t\t\t\t\t\t\t+420 731 178 483<br \/>\n\t\t\t\t\t<\/h3>\n<h3>\n\t\t\t\t\t\t\tinfo@vinnysklepkrysa.cz<br \/>\n\t\t\t\t\t<\/h3>\n","protected":false},"excerpt":{"rendered":"<p>Ubytovan\u00ed Mal\u00fd \u00fatuln\u00fd penzion Vybaven\u00ed pokoju Neku\u0159\u00e1ck\u00e9 pokoje Soukrom\u00e9 parkovi\u0161t\u011b Velmi dobr\u00e1 sn\u00eddan\u011b Bezplatn\u00e9 Wi-Fi Pokoje\/za\u0159\u00edzen\u00ed pro osoby s t\u011blesn\u00fdm posti\u017een\u00edm Pokoj nab\u00edz\u00ed pohodlnou postel, kter\u00e1 v\u00e1m zaru\u010d\u00ed kvalitn\u00ed odpo\u010dinek po dni pln\u00e9m z\u00e1\u017eitk\u016f. N\u00e1bytek je lad\u011bn\u00fd do p\u0159\u00edrodn\u00edch t\u00f3n\u016f, kter\u00e9 p\u0159isp\u00edvaj\u00ed k relaxa\u010dn\u00ed atmosf\u00e9\u0159e. Pro va\u0161i z\u00e1bavu je k dispozici bezplatn\u00e9 Wi-Fi p\u0159ipojen\u00ed. N\u00e1\u0161 [&hellip;]<\/p>\n","protected":false},"author":1,"featured_media":0,"parent":0,"menu_order":0,"comment_status":"closed","ping_status":"closed","template":"","meta":{"footnotes":""},"class_list":["post-247","page","type-page","status-publish","hentry"],"_links":{"self":[{"href":"https:\/\/vinnysklepkrysa.cz\/index.php\/wp-json\/wp\/v2\/pages\/247","targetHints":{"allow":["GET"]}}],"collection":[{"href":"https:\/\/vinnysklepkrysa.cz\/index.php\/wp-json\/wp\/v2\/pages"}],"about":[{"href":"https:\/\/vinnysklepkrysa.cz\/index.php\/wp-json\/wp\/v2\/types\/page"}],"author":[{"embeddable":true,"href":"https:\/\/vinnysklepkrysa.cz\/index.php\/wp-json\/wp\/v2\/users\/1"}],"replies":[{"embeddable":true,"href":"https:\/\/vinnysklepkrysa.cz\/index.php\/wp-json\/wp\/v2\/comments?post=247"}],"version-history":[{"count":43,"href":"https:\/\/vinnysklepkrysa.cz\/index.php\/wp-json\/wp\/v2\/pages\/247\/revisions"}],"predecessor-version":[{"id":550,"href":"https:\/\/vinnysklepkrysa.cz\/index.php\/wp-json\/wp\/v2\/pages\/247\/revisions\/550"}],"wp:attachment":[{"href":"https:\/\/vinnysklepkrysa.cz\/index.php\/wp-json\/wp\/v2\/media?parent=247"}],"curies":[{"name":"wp","href":"https:\/\/api.w.org\/{rel}","templated":true}]}}